{"id":4142,"date":"2025-06-30T15:29:30","date_gmt":"2025-06-30T22:29:30","guid":{"rendered":"https:\/\/plsfirm.com\/?page_id=4142"},"modified":"2026-04-13T14:11:43","modified_gmt":"2026-04-13T21:11:43","slug":"nuestro-equipo","status":"publish","type":"page","link":"https:\/\/plsfirm.com\/es\/nuestro-equipo\/","title":{"rendered":"Nuestro equipo"},"content":{"rendered":"<div class=\"wpb-content-wrapper\"><div class=\"vc_row wpb_row internal-hero vc_custom_1738961411217 vc_row-has-fill\"><div class=\"container\"><div class=\"mb0 wpb_column vc_column_container vc_col-sm-12\"><div class=\"vc_column-inner\"><div class=\"wpb_wrapper\">\n\t<div class=\"wpb_text_column wpb_content_element  mb0\" >\n\t\t<div class=\"wpb_wrapper\">\n\t\t\t<h1 style=\"text-align: center;\">Nuestro equipo<\/h1>\n\n\t\t<\/div>\n\t<\/div>\n<\/div><\/div><\/div><\/div><\/div><div class=\"vc_row wpb_row our-team-cta vc_custom_1751316284342 vc_row-has-fill\"><div class=\"container\"><div class=\"wpb_column vc_column_container vc_col-sm-12\"><div class=\"vc_column-inner\"><div class=\"wpb_wrapper\">\n\t<div class=\"wpb_text_column wpb_content_element  mb0\" >\n\t\t<div class=\"wpb_wrapper\">\n\t\t\t<h3>EVALUACIONES DE CASOS GRATUITAS Y SIN HONORARIOS HASTA QUE GANEMOS<\/h3>\n<p class=\"our-team-btn\"><a class=\"btn-bt default\" title=\"acerca de nuestro bufete de abogados\" href=\"https:\/\/plsfirm.com\/es\/quienes-somos\/\">SABER M\u00c1S<\/a><\/p>\n\n\t\t<\/div>\n\t<\/div>\n<\/div><\/div><\/div><\/div><\/div><div class=\"vc_row wpb_row vc_custom_1751316273717 vc_row-has-fill\"><div class=\"container\"><div class=\"wpb_column vc_column_container vc_col-sm-12\"><div class=\"vc_column-inner\"><div class=\"wpb_wrapper\">\n\t<div class=\"wpb_text_column wpb_content_element\" >\n\t\t<div class=\"wpb_wrapper\">\n\t\t\t<h3 style=\"text-align: center;\">Conozca al equipo detr\u00e1s de Prestige Legal Solutions, P.C.<\/h3>\n<p style=\"text-align: center; font-size: 18px;\"><strong>CONOZCA A LAS PERSONAS QUE LUCHAN POR SUS DERECHOS COMO CONSUMIDOR<\/strong><\/p>\n<p style=\"text-align: center; letter-spacing: 1px;\">En Prestige Legal Solutions, nuestro equipo dedicado desempe\u00f1a un papel vital en el viaje de cada cliente, desde su primera llamada de admisi\u00f3n hasta la resoluci\u00f3n de su caso. Con sede en California y centrados exclusivamente en la ley del lim\u00f3n, nuestros profesionales en operaciones, gesti\u00f3n de casos, atenci\u00f3n al cliente y m\u00e1s trabajan entre bastidores para asegurar que su experiencia sea fluida, transparente y exitosa. Conozca a las personas que lo hacen posible.<\/p>\n\n\t\t<\/div>\n\t<\/div>\n<\/div><\/div><\/div><\/div><\/div><div class=\"vc_row wpb_row row3\"><div class=\"container\"><div class=\"profile-block wpb_column vc_column_container vc_col-sm-3\"><div class=\"vc_column-inner\"><div class=\"wpb_wrapper\">\n\t<div  class=\"wpb_single_image wpb_content_element vc_align_center\">\n\t\t\n\t\t<figure class=\"wpb_wrapper vc_figure\">\n\t\t\t<div class=\"vc_single_image-wrapper   vc_box_border_grey\"><img loading=\"lazy\" decoding=\"async\" width=\"500\" height=\"580\" src=\"https:\/\/plsfirm.com\/wp-content\/uploads\/2025\/06\/TheresaCruz_HS_9.jpg\" class=\"vc_single_image-img attachment-full not-transparent\" alt=\"TheresaCruz HS 9\" title=\"TheresaCruz HS 9\" srcset=\"https:\/\/plsfirm.com\/wp-content\/uploads\/2025\/06\/TheresaCruz_HS_9.jpg 500w, https:\/\/plsfirm.com\/wp-content\/uploads\/2025\/06\/TheresaCruz_HS_9-259x300.jpg 259w, https:\/\/plsfirm.com\/wp-content\/uploads\/2025\/06\/TheresaCruz_HS_9-10x12.jpg 10w\" sizes=\"auto, (max-width: 500px) 100vw, 500px\" data-has-transparency=\"false\" data-dominant-color=\"6a6566\" style=\"width:100%;height:116%;max-width:500px;--dominant-color: #6a6566;\" \/><\/div>\n\t\t<\/figure>\n\t<\/div>\n\n\t<div class=\"wpb_text_column wpb_content_element\" >\n\t\t<div class=\"wpb_wrapper\">\n\t\t\t<h4 class=\"our-team-header\" style=\"text-align: center;\"><strong>Theresa Cruz<\/strong><\/h4>\n<p class=\"our-team-titles\" style=\"text-align: center;\">DIRECTOR DE<br \/>\nENTRADA<\/p>\n\n\t\t<\/div>\n\t<\/div>\n<\/div><\/div><\/div><div class=\"profile-block wpb_column vc_column_container vc_col-sm-3\"><div class=\"vc_column-inner\"><div class=\"wpb_wrapper\">\n\t<div  class=\"wpb_single_image wpb_content_element vc_align_center\">\n\t\t\n\t\t<figure class=\"wpb_wrapper vc_figure\">\n\t\t\t<div class=\"vc_single_image-wrapper   vc_box_border_grey\"><img loading=\"lazy\" decoding=\"async\" width=\"500\" height=\"580\" src=\"https:\/\/plsfirm.com\/wp-content\/uploads\/2025\/06\/IsaacCabuto_HS_4.jpg\" class=\"vc_single_image-img attachment-full not-transparent\" alt=\"IsaacCabuto HS 4\" title=\"IsaacCabuto HS 4\" srcset=\"https:\/\/plsfirm.com\/wp-content\/uploads\/2025\/06\/IsaacCabuto_HS_4.jpg 500w, https:\/\/plsfirm.com\/wp-content\/uploads\/2025\/06\/IsaacCabuto_HS_4-259x300.jpg 259w, https:\/\/plsfirm.com\/wp-content\/uploads\/2025\/06\/IsaacCabuto_HS_4-10x12.jpg 10w\" sizes=\"auto, (max-width: 500px) 100vw, 500px\" data-has-transparency=\"false\" data-dominant-color=\"6f737d\" style=\"width:100%;height:116%;max-width:500px;--dominant-color: #6f737d;\" \/><\/div>\n\t\t<\/figure>\n\t<\/div>\n\n\t<div class=\"wpb_text_column wpb_content_element\" >\n\t\t<div class=\"wpb_wrapper\">\n\t\t\t<h4 class=\"our-team-header\" style=\"text-align: center;\"><strong>Isaac Cabuto<\/strong><\/h4>\n<p class=\"our-team-titles\" style=\"text-align: center;\">DIRECTOR DE<br \/>\nSETTLEMENTS<\/p>\n\n\t\t<\/div>\n\t<\/div>\n<\/div><\/div><\/div><div class=\"profile-block wpb_column vc_column_container vc_col-sm-3\"><div class=\"vc_column-inner\"><div class=\"wpb_wrapper\">\n\t<div  class=\"wpb_single_image wpb_content_element vc_align_left\">\n\t\t\n\t\t<figure class=\"wpb_wrapper vc_figure\">\n\t\t\t<div class=\"vc_single_image-wrapper   vc_box_border_grey\"><img loading=\"lazy\" decoding=\"async\" width=\"500\" height=\"580\" src=\"https:\/\/plsfirm.com\/wp-content\/uploads\/2026\/03\/Headshot-Loring-Jessi-V2.png\" class=\"vc_single_image-img attachment-full not-transparent\" alt=\"Headshot - Loring, Jessi V2\" title=\"Headshot - Loring, Jessi V2\" srcset=\"https:\/\/plsfirm.com\/wp-content\/uploads\/2026\/03\/Headshot-Loring-Jessi-V2.png 500w, https:\/\/plsfirm.com\/wp-content\/uploads\/2026\/03\/Headshot-Loring-Jessi-V2-259x300.png 259w, https:\/\/plsfirm.com\/wp-content\/uploads\/2026\/03\/Headshot-Loring-Jessi-V2-10x12.png 10w\" sizes=\"auto, (max-width: 500px) 100vw, 500px\" data-has-transparency=\"false\" data-dominant-color=\"7e7c81\" style=\"width:100%;height:116%;max-width:500px;--dominant-color: #7e7c81;\" \/><\/div>\n\t\t<\/figure>\n\t<\/div>\n\n\t<div class=\"wpb_text_column wpb_content_element\" >\n\t\t<div class=\"wpb_wrapper\">\n\t\t\t<h4 class=\"our-team-header\" style=\"text-align: center;\"><strong>Jessi Loring<\/strong><\/h4>\n<p class=\"our-team-titles\" style=\"text-align: center;\">DIRECTOR DE<br \/>\nOPERACIONES<\/p>\n\n\t\t<\/div>\n\t<\/div>\n<\/div><\/div><\/div><div class=\"profile-block wpb_column vc_column_container vc_col-sm-3\"><div class=\"vc_column-inner\"><div class=\"wpb_wrapper\">\n\t<div  class=\"wpb_single_image wpb_content_element vc_align_center\">\n\t\t\n\t\t<figure class=\"wpb_wrapper vc_figure\">\n\t\t\t<div class=\"vc_single_image-wrapper   vc_box_border_grey\"><img loading=\"lazy\" decoding=\"async\" width=\"500\" height=\"580\" src=\"https:\/\/plsfirm.com\/wp-content\/uploads\/2026\/03\/Ekjot.png\" class=\"vc_single_image-img attachment-full not-transparent\" alt=\"Ekjot\" title=\"Ekjot\" srcset=\"https:\/\/plsfirm.com\/wp-content\/uploads\/2026\/03\/Ekjot.png 500w, https:\/\/plsfirm.com\/wp-content\/uploads\/2026\/03\/Ekjot-259x300.png 259w, https:\/\/plsfirm.com\/wp-content\/uploads\/2026\/03\/Ekjot-10x12.png 10w\" sizes=\"auto, (max-width: 500px) 100vw, 500px\" data-has-transparency=\"false\" data-dominant-color=\"767372\" style=\"width:100%;height:116%;max-width:500px;--dominant-color: #767372;\" \/><\/div>\n\t\t<\/figure>\n\t<\/div>\n\n\t<div class=\"wpb_text_column wpb_content_element\" >\n\t\t<div class=\"wpb_wrapper\">\n\t\t\t<h4 class=\"our-team-header\" style=\"text-align: center;\"><strong>Ekjot Singh<\/strong><\/h4>\n<p class=\"our-team-titles\" style=\"text-align: center;\">DIRECTOR DE<br \/>\nRO REVIEW<\/p>\n\n\t\t<\/div>\n\t<\/div>\n<\/div><\/div><\/div><\/div><\/div><div class=\"vc_row wpb_row row3\"><div class=\"container\"><div class=\"profile-block wpb_column vc_column_container vc_col-sm-3\"><div class=\"vc_column-inner\"><div class=\"wpb_wrapper\">\n\t<div  class=\"wpb_single_image wpb_content_element vc_align_left\">\n\t\t\n\t\t<figure class=\"wpb_wrapper vc_figure\">\n\t\t\t<div class=\"vc_single_image-wrapper   vc_box_border_grey\"><img loading=\"lazy\" decoding=\"async\" width=\"500\" height=\"580\" src=\"https:\/\/plsfirm.com\/wp-content\/uploads\/2026\/03\/Headshot-Hastings-Cam-V2.png\" class=\"vc_single_image-img attachment-full not-transparent\" alt=\"Headshot - Hastings, Cam V2\" title=\"Headshot - Hastings, Cam V2\" srcset=\"https:\/\/plsfirm.com\/wp-content\/uploads\/2026\/03\/Headshot-Hastings-Cam-V2.png 500w, https:\/\/plsfirm.com\/wp-content\/uploads\/2026\/03\/Headshot-Hastings-Cam-V2-259x300.png 259w, https:\/\/plsfirm.com\/wp-content\/uploads\/2026\/03\/Headshot-Hastings-Cam-V2-10x12.png 10w\" sizes=\"auto, (max-width: 500px) 100vw, 500px\" data-has-transparency=\"false\" data-dominant-color=\"656e7e\" style=\"width:100%;height:116%;max-width:500px;--dominant-color: #656e7e;\" \/><\/div>\n\t\t<\/figure>\n\t<\/div>\n\n\t<div class=\"wpb_text_column wpb_content_element\" >\n\t\t<div class=\"wpb_wrapper\">\n\t\t\t<h4 class=\"our-team-header\" style=\"text-align: center;\"><strong>Cameron Hastings<\/strong><\/h4>\n<p class=\"our-team-titles\" style=\"text-align: center;\">DIRECTOR DE<br \/>\nMARKETING<\/p>\n\n\t\t<\/div>\n\t<\/div>\n<\/div><\/div><\/div><div class=\"profile-block wpb_column vc_column_container vc_col-sm-3\"><div class=\"vc_column-inner\"><div class=\"wpb_wrapper\">\n\t<div  class=\"wpb_single_image wpb_content_element vc_align_left\">\n\t\t\n\t\t<figure class=\"wpb_wrapper vc_figure\">\n\t\t\t<div class=\"vc_single_image-wrapper   vc_box_border_grey\"><img loading=\"lazy\" decoding=\"async\" width=\"500\" height=\"580\" src=\"https:\/\/plsfirm.com\/wp-content\/uploads\/2025\/06\/CaltonHorne_HS_8.jpg\" class=\"vc_single_image-img attachment-full not-transparent\" alt=\"CaltonHorne HS 8\" title=\"CaltonHorne HS 8\" srcset=\"https:\/\/plsfirm.com\/wp-content\/uploads\/2025\/06\/CaltonHorne_HS_8.jpg 500w, https:\/\/plsfirm.com\/wp-content\/uploads\/2025\/06\/CaltonHorne_HS_8-259x300.jpg 259w, https:\/\/plsfirm.com\/wp-content\/uploads\/2025\/06\/CaltonHorne_HS_8-10x12.jpg 10w\" sizes=\"auto, (max-width: 500px) 100vw, 500px\" data-has-transparency=\"false\" data-dominant-color=\"6c6e76\" style=\"width:100%;height:116%;max-width:500px;--dominant-color: #6c6e76;\" \/><\/div>\n\t\t<\/figure>\n\t<\/div>\n\n\t<div class=\"wpb_text_column wpb_content_element\" >\n\t\t<div class=\"wpb_wrapper\">\n\t\t\t<h4 class=\"our-team-header\" style=\"text-align: center;\"><strong>Carlton Horne<\/strong><\/h4>\n<p class=\"our-team-titles\" style=\"text-align: center;\">DIRECTOR OF CLIENT RELATIONS<br \/>\nY GESTI\u00d3N DE CASOS<\/p>\n\n\t\t<\/div>\n\t<\/div>\n<\/div><\/div><\/div><div class=\"profile-block wpb_column vc_column_container vc_col-sm-3\"><div class=\"vc_column-inner\"><div class=\"wpb_wrapper\">\n\t<div  class=\"wpb_single_image wpb_content_element vc_align_left\">\n\t\t\n\t\t<figure class=\"wpb_wrapper vc_figure\">\n\t\t\t<div class=\"vc_single_image-wrapper   vc_box_border_grey\"><img loading=\"lazy\" decoding=\"async\" width=\"500\" height=\"580\" src=\"https:\/\/plsfirm.com\/wp-content\/uploads\/2025\/06\/DrewJonson_HS_4.jpg\" class=\"vc_single_image-img attachment-full not-transparent\" alt=\"DrewJonson HS 4\" title=\"DrewJonson HS 4\" srcset=\"https:\/\/plsfirm.com\/wp-content\/uploads\/2025\/06\/DrewJonson_HS_4.jpg 500w, https:\/\/plsfirm.com\/wp-content\/uploads\/2025\/06\/DrewJonson_HS_4-259x300.jpg 259w, https:\/\/plsfirm.com\/wp-content\/uploads\/2025\/06\/DrewJonson_HS_4-10x12.jpg 10w\" sizes=\"auto, (max-width: 500px) 100vw, 500px\" data-has-transparency=\"false\" data-dominant-color=\"5b626c\" style=\"width:100%;height:116%;max-width:500px;--dominant-color: #5b626c;\" \/><\/div>\n\t\t<\/figure>\n\t<\/div>\n\n\t<div class=\"wpb_text_column wpb_content_element\" >\n\t\t<div class=\"wpb_wrapper\">\n\t\t\t<h4 class=\"our-team-header\" style=\"text-align: center;\"><strong>Drew Jonsen<\/strong><\/h4>\n<p class=\"our-team-titles\" style=\"text-align: center;\">DIRECTOR DE<br \/>\nTECNOLOG\u00cdA<\/p>\n\n\t\t<\/div>\n\t<\/div>\n<\/div><\/div><\/div><div class=\"profile-block wpb_column vc_column_container vc_col-sm-3\"><div class=\"vc_column-inner\"><div class=\"wpb_wrapper\">\n\t<div  class=\"wpb_single_image wpb_content_element vc_align_center\">\n\t\t\n\t\t<figure class=\"wpb_wrapper vc_figure\">\n\t\t\t<div class=\"vc_single_image-wrapper   vc_box_border_grey\"><img loading=\"lazy\" decoding=\"async\" width=\"500\" height=\"580\" src=\"https:\/\/plsfirm.com\/wp-content\/uploads\/2025\/06\/BeauGardiner_HS_web_5.jpg\" class=\"vc_single_image-img attachment-full not-transparent\" alt=\"BeauGardiner HS web 5\" title=\"BeauGardiner HS web 5\" srcset=\"https:\/\/plsfirm.com\/wp-content\/uploads\/2025\/06\/BeauGardiner_HS_web_5.jpg 500w, https:\/\/plsfirm.com\/wp-content\/uploads\/2025\/06\/BeauGardiner_HS_web_5-259x300.jpg 259w, https:\/\/plsfirm.com\/wp-content\/uploads\/2025\/06\/BeauGardiner_HS_web_5-10x12.jpg 10w\" sizes=\"auto, (max-width: 500px) 100vw, 500px\" data-has-transparency=\"false\" data-dominant-color=\"5d646e\" style=\"width:100%;height:116%;max-width:500px;--dominant-color: #5d646e;\" \/><\/div>\n\t\t<\/figure>\n\t<\/div>\n\n\t<div class=\"wpb_text_column wpb_content_element\" >\n\t\t<div class=\"wpb_wrapper\">\n\t\t\t<h4 class=\"our-team-header\" style=\"text-align: center;\"><strong>Beau Gardiner<\/strong><\/h4>\n<p class=\"our-team-titles\" style=\"text-align: center;\">DIRECTOR DE<br \/>\nGESTI\u00d3N DE PROYECTOS<br \/>\nY CRECIMIENTO<\/p>\n\n\t\t<\/div>\n\t<\/div>\n<\/div><\/div><\/div><\/div><\/div><div class=\"vc_row wpb_row row3\"><div class=\"container\"><div class=\"profile-block wpb_column vc_column_container vc_col-sm-3\"><div class=\"vc_column-inner\"><div class=\"wpb_wrapper\">\n\t<div  class=\"wpb_single_image wpb_content_element vc_align_left\">\n\t\t\n\t\t<figure class=\"wpb_wrapper vc_figure\">\n\t\t\t<div class=\"vc_single_image-wrapper   vc_box_border_grey\"><img loading=\"lazy\" decoding=\"async\" width=\"500\" height=\"580\" src=\"https:\/\/plsfirm.com\/wp-content\/uploads\/2026\/01\/Jen-Mullinex-v2.jpg\" class=\"vc_single_image-img attachment-full not-transparent\" alt=\"Jen Mullinex, Directora de Asuntos Jur\u00eddicos\" title=\"Jen Mullinex\" srcset=\"https:\/\/plsfirm.com\/wp-content\/uploads\/2026\/01\/Jen-Mullinex-v2.jpg 500w, https:\/\/plsfirm.com\/wp-content\/uploads\/2026\/01\/Jen-Mullinex-v2-259x300.jpg 259w, https:\/\/plsfirm.com\/wp-content\/uploads\/2026\/01\/Jen-Mullinex-v2-10x12.jpg 10w\" sizes=\"auto, (max-width: 500px) 100vw, 500px\" data-has-transparency=\"false\" data-dominant-color=\"696566\" style=\"width:100%;height:116%;max-width:500px;--dominant-color: #696566;\" \/><\/div>\n\t\t<\/figure>\n\t<\/div>\n\n\t<div class=\"wpb_text_column wpb_content_element\" >\n\t\t<div class=\"wpb_wrapper\">\n\t\t\t<h4 class=\"our-team-header\" style=\"text-align: center;\"><strong>Jen Mullinex<\/strong><\/h4>\n<p class=\"our-team-titles\" style=\"text-align: center;\">DIRECTOR DE ASUNTOS JUR\u00cdDICOS<\/p>\n\n\t\t<\/div>\n\t<\/div>\n<\/div><\/div><\/div><div class=\"profile-block wpb_column vc_column_container vc_col-sm-3\"><div class=\"vc_column-inner\"><div class=\"wpb_wrapper\">\n\t<div  class=\"wpb_single_image wpb_content_element vc_align_left\">\n\t\t\n\t\t<figure class=\"wpb_wrapper vc_figure\">\n\t\t\t<div class=\"vc_single_image-wrapper   vc_box_border_grey\"><img loading=\"lazy\" decoding=\"async\" width=\"500\" height=\"580\" src=\"https:\/\/plsfirm.com\/wp-content\/uploads\/2025\/06\/TamPhan_HS_5.jpg\" class=\"vc_single_image-img attachment-full not-transparent\" alt=\"TamPhan HS 5\" title=\"TamPhan HS 5\" srcset=\"https:\/\/plsfirm.com\/wp-content\/uploads\/2025\/06\/TamPhan_HS_5.jpg 500w, https:\/\/plsfirm.com\/wp-content\/uploads\/2025\/06\/TamPhan_HS_5-259x300.jpg 259w, https:\/\/plsfirm.com\/wp-content\/uploads\/2025\/06\/TamPhan_HS_5-10x12.jpg 10w\" sizes=\"auto, (max-width: 500px) 100vw, 500px\" data-has-transparency=\"false\" data-dominant-color=\"56585d\" style=\"width:100%;height:116%;max-width:500px;--dominant-color: #56585d;\" \/><\/div>\n\t\t<\/figure>\n\t<\/div>\n\n\t<div class=\"wpb_text_column wpb_content_element\" >\n\t\t<div class=\"wpb_wrapper\">\n\t\t\t<h4 class=\"our-team-header\" style=\"text-align: center;\"><strong>Tam Phan<\/strong><\/h4>\n<p class=\"our-team-titles\" style=\"text-align: center;\">ANALISTA DE DATOS SENIOR<\/p>\n\n\t\t<\/div>\n\t<\/div>\n<\/div><\/div><\/div><div class=\"profile-block wpb_column vc_column_container vc_col-sm-3\"><div class=\"vc_column-inner\"><div class=\"wpb_wrapper\">\n\t<div  class=\"wpb_single_image wpb_content_element vc_align_left\">\n\t\t\n\t\t<figure class=\"wpb_wrapper vc_figure\">\n\t\t\t<div class=\"vc_single_image-wrapper   vc_box_border_grey\"><img loading=\"lazy\" decoding=\"async\" width=\"500\" height=\"580\" src=\"https:\/\/plsfirm.com\/wp-content\/uploads\/2026\/04\/Yanet-Headshot-Web.png\" class=\"vc_single_image-img attachment-full not-transparent\" alt=\"Yanet Headshot Web\" title=\"Yanet Headshot Web\" srcset=\"https:\/\/plsfirm.com\/wp-content\/uploads\/2026\/04\/Yanet-Headshot-Web.png 500w, https:\/\/plsfirm.com\/wp-content\/uploads\/2026\/04\/Yanet-Headshot-Web-259x300.png 259w, https:\/\/plsfirm.com\/wp-content\/uploads\/2026\/04\/Yanet-Headshot-Web-10x12.png 10w\" sizes=\"auto, (max-width: 500px) 100vw, 500px\" data-has-transparency=\"false\" data-dominant-color=\"b0a5a1\" style=\"width:100%;height:116%;max-width:500px;--dominant-color: #b0a5a1;\" \/><\/div>\n\t\t<\/figure>\n\t<\/div>\n\n\t<div class=\"wpb_text_column wpb_content_element\" >\n\t\t<div class=\"wpb_wrapper\">\n\t\t\t<h4 class=\"our-team-header\" style=\"text-align: center;\"><strong>Yanet Pinz\u00f3n<\/strong><\/h4>\n<p class=\"our-team-titles\" style=\"text-align: center;\">DIRECTOR DE<br \/>\nGARANT\u00cdA DE CALIDAD<\/p>\n\n\t\t<\/div>\n\t<\/div>\n<\/div><\/div><\/div><div class=\"wpb_column vc_column_container vc_col-sm-3\"><div class=\"vc_column-inner\"><div class=\"wpb_wrapper\">\n\t<div  class=\"wpb_single_image wpb_content_element vc_align_left\">\n\t\t\n\t\t<figure class=\"wpb_wrapper vc_figure\">\n\t\t\t<div class=\"vc_single_image-wrapper   vc_box_border_grey\"><img loading=\"lazy\" decoding=\"async\" width=\"500\" height=\"580\" src=\"https:\/\/plsfirm.com\/wp-content\/uploads\/2026\/04\/Elizabeth-Headshot-Web.png\" class=\"vc_single_image-img attachment-full not-transparent\" alt=\"Elizabeth Headshot Web\" title=\"Elizabeth Headshot Web\" srcset=\"https:\/\/plsfirm.com\/wp-content\/uploads\/2026\/04\/Elizabeth-Headshot-Web.png 500w, https:\/\/plsfirm.com\/wp-content\/uploads\/2026\/04\/Elizabeth-Headshot-Web-259x300.png 259w, https:\/\/plsfirm.com\/wp-content\/uploads\/2026\/04\/Elizabeth-Headshot-Web-10x12.png 10w\" sizes=\"auto, (max-width: 500px) 100vw, 500px\" data-has-transparency=\"false\" data-dominant-color=\"66656a\" style=\"width:100%;height:116%;max-width:500px;--dominant-color: #66656a;\" \/><\/div>\n\t\t<\/figure>\n\t<\/div>\n\n\t<div class=\"wpb_text_column wpb_content_element\" >\n\t\t<div class=\"wpb_wrapper\">\n\t\t\t<h4 class=\"our-team-header\" style=\"text-align: center;\"><strong>Elizabeth Garrett<\/strong><\/h4>\n<p class=\"our-team-titles\" style=\"text-align: center;\">DIRECTOR DE<br \/>\nRECURSOS HUMANOS<\/p>\n\n\t\t<\/div>\n\t<\/div>\n<\/div><\/div><\/div><\/div><\/div><div class=\"vc_row wpb_row our-team-cta vc_custom_1751316284342 vc_row-has-fill\"><div class=\"container\"><div class=\"wpb_column vc_column_container vc_col-sm-12\"><div class=\"vc_column-inner\"><div class=\"wpb_wrapper\">\n\t<div class=\"wpb_text_column wpb_content_element  mb0\" >\n\t\t<div class=\"wpb_wrapper\">\n\t\t\t<h3>EVALUACIONES DE CASOS GRATUITAS Y SIN HONORARIOS HASTA QUE GANEMOS<\/h3>\n<p class=\"our-team-btn\"><a class=\"btn-bt default\" title=\"acerca de nuestro bufete de abogados\" href=\"\/es\/about\/\">SABER M\u00c1S<\/a><\/p>\n\n\t\t<\/div>\n\t<\/div>\n<\/div><\/div><\/div><\/div><\/div><div class=\"vc_row wpb_row\"><div class=\"container\"><div class=\"wpb_column vc_column_container vc_col-sm-12\"><div class=\"vc_column-inner vc_custom_1751490120791\"><div class=\"wpb_wrapper\">\n\t<div class=\"wpb_text_column wpb_content_element  mb0\" >\n\t\t<div class=\"wpb_wrapper\">\n\t\t\t<h3 style=\"text-align: center; margin-top: 30px;\"><strong>Conozca a su equipo de abogados<\/strong><\/h3>\n\n\t\t<\/div>\n\t<\/div>\n<\/div><\/div><\/div><\/div><\/div><div class=\"vc_row wpb_row\"><div class=\"container\"><div class=\"wpb_column vc_column_container vc_col-sm-12\"><div class=\"vc_column-inner\"><div class=\"wpb_wrapper\">\n\t<div  class=\"wpb_single_image wpb_content_element vc_align_center   group-shot\">\n\t\t\n\t\t<figure class=\"wpb_wrapper vc_figure\">\n\t\t\t<a href=\"https:\/\/plsfirm.com\/es\/nuestros-abogados\/\" target=\"_self\" class=\"vc_single_image-wrapper vc_box_rounded  vc_box_border_grey\"><img loading=\"lazy\" decoding=\"async\" width=\"2560\" height=\"1429\" src=\"https:\/\/plsfirm.com\/wp-content\/uploads\/2026\/03\/hf_20260227_010647_e4602ce4-1c5c-4ae2-a701-66c7762d3847-scaled.jpg\" class=\"vc_single_image-img attachment-full not-transparent\" alt=\"20260227_010647_e4602ce4-1c5c-4ae2-a701-66c7762d3847\" title=\"20260227_010647_e4602ce4-1c5c-4ae2-a701-66c7762d3847\" srcset=\"https:\/\/plsfirm.com\/wp-content\/uploads\/2026\/03\/hf_20260227_010647_e4602ce4-1c5c-4ae2-a701-66c7762d3847-scaled.jpg 2560w, https:\/\/plsfirm.com\/wp-content\/uploads\/2026\/03\/hf_20260227_010647_e4602ce4-1c5c-4ae2-a701-66c7762d3847-300x167.jpg 300w, https:\/\/plsfirm.com\/wp-content\/uploads\/2026\/03\/hf_20260227_010647_e4602ce4-1c5c-4ae2-a701-66c7762d3847-1024x572.jpg 1024w, https:\/\/plsfirm.com\/wp-content\/uploads\/2026\/03\/hf_20260227_010647_e4602ce4-1c5c-4ae2-a701-66c7762d3847-768x429.jpg 768w, https:\/\/plsfirm.com\/wp-content\/uploads\/2026\/03\/hf_20260227_010647_e4602ce4-1c5c-4ae2-a701-66c7762d3847-1536x857.jpg 1536w, https:\/\/plsfirm.com\/wp-content\/uploads\/2026\/03\/hf_20260227_010647_e4602ce4-1c5c-4ae2-a701-66c7762d3847-2048x1143.jpg 2048w, https:\/\/plsfirm.com\/wp-content\/uploads\/2026\/03\/hf_20260227_010647_e4602ce4-1c5c-4ae2-a701-66c7762d3847-18x10.jpg 18w, https:\/\/plsfirm.com\/wp-content\/uploads\/2026\/03\/hf_20260227_010647_e4602ce4-1c5c-4ae2-a701-66c7762d3847-1568x875.jpg 1568w\" sizes=\"auto, (max-width: 2560px) 100vw, 2560px\" data-has-transparency=\"false\" data-dominant-color=\"78716c\" style=\"width:100%;height:55.82%;max-width:2560px;--dominant-color: #78716c;\" \/><\/a>\n\t\t<\/figure>\n\t<\/div>\n\n\t<div class=\"wpb_text_column wpb_content_element\" >\n\t\t<div class=\"wpb_wrapper\">\n\t\t\t<p class=\"our-team-btn\" style=\"text-align: center;\"><a class=\"btn-bt default\" title=\"sobre nuestro bufete pls\" href=\"\/es\/nuestros-abogados\/\">NUESTROS ABOGADOS<\/a><\/p>\n\n\t\t<\/div>\n\t<\/div>\n<\/div><\/div><\/div><\/div><\/div>\n<\/div>","protected":false},"excerpt":{"rendered":"Our Team FREE CASE EVALUATIONS &amp; NO FEES UNTIL WE WIN LEARN MORE Meet the Team Behind Prestige Legal Solutions, P.C. GET TO KNOW THE PEOPLE FIGHTING FOR YOUR CONSUMER RIGHTS At Prestige Legal Solutions, our dedicated team plays a vital role in every client's journey-from your first intake call to the resolution of your&hellip; <a class=\"more-link\" href=\"https:\/\/plsfirm.com\/es\/nuestro-equipo\/\">Seguir leyendo <span class=\"screen-reader-text\">Nuestro equipo<\/span><\/a>","protected":false},"author":1,"featured_media":0,"parent":0,"menu_order":0,"comment_status":"closed","ping_status":"closed","template":"","meta":{"_acf_changed":false,"footnotes":""},"class_list":["post-4142","page","type-page","status-publish","entry"],"acf":[],"aioseo_notices":[],"_links":{"self":[{"href":"https:\/\/plsfirm.com\/es\/wp-json\/wp\/v2\/pages\/4142","targetHints":{"allow":["GET"]}}],"collection":[{"href":"https:\/\/plsfirm.com\/es\/wp-json\/wp\/v2\/pages"}],"about":[{"href":"https:\/\/plsfirm.com\/es\/wp-json\/wp\/v2\/types\/page"}],"author":[{"embeddable":true,"href":"https:\/\/plsfirm.com\/es\/wp-json\/wp\/v2\/users\/1"}],"replies":[{"embeddable":true,"href":"https:\/\/plsfirm.com\/es\/wp-json\/wp\/v2\/comments?post=4142"}],"version-history":[{"count":0,"href":"https:\/\/plsfirm.com\/es\/wp-json\/wp\/v2\/pages\/4142\/revisions"}],"wp:attachment":[{"href":"https:\/\/plsfirm.com\/es\/wp-json\/wp\/v2\/media?parent=4142"}],"curies":[{"name":"wp","href":"https:\/\/api.w.org\/{rel}","templated":true}]}}