{"id":1615,"date":"2019-05-13T12:45:53","date_gmt":"2019-05-13T19:45:53","guid":{"rendered":"https:\/\/sales.vdigitalservices.com\/dev-shell-vc\/?page_id=1615"},"modified":"2025-10-13T15:07:38","modified_gmt":"2025-10-13T22:07:38","slug":"gracias","status":"publish","type":"page","link":"https:\/\/plsfirm.com\/es\/gracias\/","title":{"rendered":"Gracias"},"content":{"rendered":"<div class=\"wpb-content-wrapper\"><div class=\"vc_row wpb_row\"><div class=\"container\"><div class=\"wpb_column vc_column_container vc_col-sm-12\"><div class=\"vc_column-inner\"><div class=\"wpb_wrapper\">\n\t<div class=\"wpb_text_column wpb_content_element  vc_custom_1615919998853\" >\n\t\t<div class=\"wpb_wrapper\">\n\t\t\t<p style=\"text-align: center;\">Gracias por contactar a\n\u00a1Prestige Legal Solutions, P.C.!<\/p>\n<p style=\"text-align: center;\">Nos pondremos en contacto con usted en breve.<\/p>\n<p style=\"text-align: center;\">Para asuntos urgentes, env\u00edenos un correo electr\u00f3nico o ll\u00e1menos directamente:<\/p>\n<p style=\"text-align: center;\"><a href=\"mailto:\"><\/a><br \/>\n<a href=\"tel:(844) 661-2669\">\n(844) 661-2669<\/a><\/p>\n\n\t\t<\/div>\n\t<\/div>\n<\/div><\/div><\/div><\/div><\/div>\n<\/div>","protected":false},"excerpt":{"rendered":"\u00a1Gracias por ponerse en contacto con Prestige Legal Solutions, P.C.! Nos pondremos en contacto con usted en breve. Para asuntos urgentes por favor env\u00edenos un correo electr\u00f3nico o ll\u00e1menos directamente: (844) 661-2669","protected":false},"author":1,"featured_media":0,"parent":0,"menu_order":0,"comment_status":"closed","ping_status":"closed","template":"","meta":{"_acf_changed":false,"footnotes":""},"class_list":["post-1615","page","type-page","status-publish","entry"],"acf":[],"aioseo_notices":[],"_links":{"self":[{"href":"https:\/\/plsfirm.com\/es\/wp-json\/wp\/v2\/pages\/1615","targetHints":{"allow":["GET"]}}],"collection":[{"href":"https:\/\/plsfirm.com\/es\/wp-json\/wp\/v2\/pages"}],"about":[{"href":"https:\/\/plsfirm.com\/es\/wp-json\/wp\/v2\/types\/page"}],"author":[{"embeddable":true,"href":"https:\/\/plsfirm.com\/es\/wp-json\/wp\/v2\/users\/1"}],"replies":[{"embeddable":true,"href":"https:\/\/plsfirm.com\/es\/wp-json\/wp\/v2\/comments?post=1615"}],"version-history":[{"count":0,"href":"https:\/\/plsfirm.com\/es\/wp-json\/wp\/v2\/pages\/1615\/revisions"}],"wp:attachment":[{"href":"https:\/\/plsfirm.com\/es\/wp-json\/wp\/v2\/media?parent=1615"}],"curies":[{"name":"wp","href":"https:\/\/api.w.org\/{rel}","templated":true}]}}